{"id":6,"date":"2024-07-01T17:17:26","date_gmt":"2024-07-01T15:17:26","guid":{"rendered":"http:\/\/www.ff-purkersdorf.at\/ich-mach-mit\/?page_id=6"},"modified":"2024-07-01T18:14:09","modified_gmt":"2024-07-01T16:14:09","slug":"ich-mach-mit","status":"publish","type":"page","link":"https:\/\/www.ff-purkersdorf.at\/ich-mach-mit\/","title":{"rendered":"Ich mach mit!"},"content":{"rendered":"\n<div class=\"wp-block-media-text is-stacked-on-mobile\"><figure class=\"wp-block-media-text__media\"><img loading=\"lazy\" decoding=\"async\" width=\"640\" height=\"640\" src=\"https:\/\/www.ff-purkersdorf.at\/ich-mach-mit\/wp-content\/uploads\/2024\/07\/rosenbauer-helm.jpg\" alt=\"\" class=\"wp-image-8 size-full\" srcset=\"https:\/\/www.ff-purkersdorf.at\/ich-mach-mit\/wp-content\/uploads\/2024\/07\/rosenbauer-helm.jpg 640w, https:\/\/www.ff-purkersdorf.at\/ich-mach-mit\/wp-content\/uploads\/2024\/07\/rosenbauer-helm-300x300.jpg 300w, https:\/\/www.ff-purkersdorf.at\/ich-mach-mit\/wp-content\/uploads\/2024\/07\/rosenbauer-helm-150x150.jpg 150w\" sizes=\"auto, (max-width: 640px) 100vw, 640px\" \/><\/figure><div class=\"wp-block-media-text__content\">\n<p class=\"has-text-color has-link-color wp-elements-48aa8221b1df767e2281badc55e09ad6\" style=\"color:#a72920;font-size:42px\"><strong>Dein Helm!<\/strong><\/p>\n<\/div><\/div>\n\n\n\n<p>Wir freuen uns sehr, dass Du an einer Mitarbeit bei der Freiwilligen Feuerwehr Purkersdorf interessiert bist!<br>Bitte gib uns Deine Kontaktdaten bekannt, wir melden uns bei Dir f\u00fcr ein gegenseitiges Kennenlernen!<br>Deine Daten werden selbstverst\u00e4ndlich vertraulich behandelt und niemals an Dritte weitergegeben!<\/p>\n\n\n<div class='fluentform ff-default fluentform_wrapper_3  ff_guten_block ffs_default_wrap'><form data-form_id=\"3\" id=\"fluentform_3\" class=\"frm-fluent-form fluent_form_3 ff-el-form-top ff_form_instance_3_1 ff-form-loading ffs_default\" data-form_instance=\"ff_form_instance_3_1\" method=\"POST\" ><fieldset  style=\"border: none!important;margin: 0!important;padding: 0!important;background-color: transparent!important;box-shadow: none!important;outline: none!important; min-inline-size: 100%;\">\n                    <legend class=\"ff_screen_reader_title\" style=\"display: block; margin: 0!important;padding: 0!important;height: 0!important;text-indent: -999999px;width: 0!important;overflow:hidden;\">Kontaktformular<\/legend>        <span style=\"display: none !important;\"><input type=\"checkbox\"\n                name=\"item__3__fluent_checkme_\"\n                value=\"1\" style=\"display:none !important;\" tabindex=\"-1\" aria-hidden=\"true\"><\/span>\n        <input type='hidden' name='__fluent_form_embded_post_id' value='6' \/><input type=\"hidden\" id=\"_fluentform_3_fluentformnonce\" name=\"_fluentform_3_fluentformnonce\" value=\"52e3f273a5\" \/><input type=\"hidden\" name=\"_wp_http_referer\" value=\"\/ich-mach-mit\/wp-json\/wp\/v2\/pages\/6\" \/><div data-type=\"name-element\" data-name=\"names\" class=\" ff-field_container ff-name-field-wrapper\" ><div class='ff-t-container'><div class='ff-t-cell '><div class='ff-el-group'><div class=\"ff-el-input--label ff-el-is-required asterisk-right\"><label for='ff_3_names_first_name_' aria-label=\"Vorname\">Vorname<\/label><\/div><div class='ff-el-input--content'><input type=\"text\" name=\"names[first_name]\" id=\"ff_3_names_first_name_\" class=\"ff-el-form-control\" placeholder=\"Vorname\" tabindex=\"1\" aria-invalid=\"false\" aria-required=true><\/div><\/div><\/div><div class='ff-t-cell '><div class='ff-el-group'><div class=\"ff-el-input--label ff-el-is-required asterisk-right\"><label for='ff_3_names_last_name_' aria-label=\"Nachname\">Nachname<\/label><\/div><div class='ff-el-input--content'><input type=\"text\" name=\"names[last_name]\" id=\"ff_3_names_last_name_\" class=\"ff-el-form-control\" placeholder=\"Nachname\" tabindex=\"2\" aria-invalid=\"false\" aria-required=true><\/div><\/div><\/div><\/div><\/div><div class=\"ff-name-address-wrapper fluent-address\" data-type=\"address-element\" data-name=\"address_1\" ><div class='ff-el-input--label'><label aria-label=Adresse>Adresse<\/label><\/div><div class='ff-el-input--content'><div class='ff-t-container'><div class='ff-t-cell'><div class='ff-el-group'><div class=\"ff-el-input--label asterisk-right\"><label for='ff_3_address_1_address_line_1_' aria-label=\"Stra\u00dfe\">Stra\u00dfe<\/label><\/div><div class='ff-el-input--content'><input type=\"text\" name=\"address_1[address_line_1]\" id=\"ff_3_address_1_address_line_1_\" class=\"ff-el-form-control\" placeholder=\"Stra\u00dfe\" data-key_name=\"address_line_1\" tabindex=\"3\"  aria-invalid=\"false\" aria-required=false><\/div><\/div><\/div><div class='ff-t-cell'><div class='ff-el-group'><div class=\"ff-el-input--label asterisk-right\"><label for='ff_3_address_1_address_line_2_' aria-label=\"Hausnummer\">Hausnummer<\/label><\/div><div class='ff-el-input--content'><input type=\"text\" name=\"address_1[address_line_2]\" id=\"ff_3_address_1_address_line_2_\" class=\"ff-el-form-control\" placeholder=\"Hausnummer\" data-key_name=\"address_line_2\" tabindex=\"4\"  aria-invalid=\"false\" aria-required=false><\/div><\/div><\/div><\/div><div class='ff-t-container'><div class='ff-t-cell'><div class='ff-el-group'><div class=\"ff-el-input--label ff-el-is-required asterisk-right\"><label for='ff_3_address_1_zip_' aria-label=\"Postleitzahl\">Postleitzahl<\/label><\/div><div class='ff-el-input--content'><input type=\"text\" name=\"address_1[zip]\" value=\"3002\" id=\"ff_3_address_1_zip_\" class=\"ff-el-form-control\" placeholder=\"3002\" data-key_name=\"zip\" tabindex=\"5\"  aria-invalid=\"false\" aria-required=true><\/div><\/div><\/div><div class='ff-t-cell'><div class='ff-el-group'><div class=\"ff-el-input--label asterisk-right\"><label for='ff_3_address_1_city_' aria-label=\"Ort\">Ort<\/label><\/div><div class='ff-el-input--content'><input type=\"text\" name=\"address_1[city]\" value=\"Purkersdorf\" id=\"ff_3_address_1_city_\" class=\"ff-el-form-control\" placeholder=\"Purkersdorf\" data-key_name=\"city\" tabindex=\"6\"  aria-invalid=\"false\" aria-required=false><\/div><\/div><\/div><\/div><\/div><\/div><div class='ff-el-group'><div class=\"ff-el-input--label ff-el-is-required asterisk-right\"><label for='ff_3_numeric_field' aria-label=\"Telefonnummer\">Telefonnummer<\/label><\/div><div class='ff-el-input--content'><input type=\"number\" name=\"numeric_field\" id=\"ff_3_numeric_field\" class=\"ff-el-form-control\" data-name=\"numeric_field\" inputmode=\"numeric\" step=\"any\" tabindex=\"7\"  aria-invalid=\"false\" aria-required=true><\/div><\/div><div class='ff-el-group'><div class=\"ff-el-input--label ff-el-is-required asterisk-right\"><label for='ff_3_email' aria-label=\"Email\">Email<\/label><\/div><div class='ff-el-input--content'><input type=\"email\" name=\"email\" id=\"ff_3_email\" class=\"ff-el-form-control\" placeholder=\"Email-Addresse\" data-name=\"email\" tabindex=\"8\"  aria-invalid=\"false\" aria-required=true><\/div><\/div><div class='ff-el-group'><div class=\"ff-el-input--label asterisk-right\"><label for='ff_3_message' aria-label=\"M\u00f6chtest du uns noch etwas mitteilen?\">M\u00f6chtest du uns noch etwas mitteilen?<\/label><\/div><div class='ff-el-input--content'><textarea aria-invalid=\"false\" aria-required=false name=\"message\" id=\"ff_3_message\" class=\"ff-el-form-control\" rows=\"4\" cols=\"2\" data-name=\"message\" tabindex=\"9\" ><\/textarea><\/div><\/div><div class='ff-el-group ff-text-left ff_submit_btn_wrapper'><button type=\"submit\" class=\"ff-btn ff-btn-submit ff-btn-lg ff_btn_style\" tabindex=\"10\" >Abschicken<\/button><\/div><\/fieldset><\/form><div id='fluentform_3_errors' class='ff-errors-in-stack ff_form_instance_3_1 ff-form-loading_errors ff_form_instance_3_1_errors'><\/div><\/div>        <script type=\"text\/javascript\">\n            window.fluent_form_ff_form_instance_3_1 = {\"id\":\"3\",\"settings\":{\"layout\":{\"labelPlacement\":\"top\",\"helpMessagePlacement\":\"with_label\",\"errorMessagePlacement\":\"inline\"},\"restrictions\":{\"denyEmptySubmission\":{\"enabled\":false}}},\"form_instance\":\"ff_form_instance_3_1\",\"form_id_selector\":\"fluentform_3\",\"rules\":{\"names[first_name]\":{\"required\":{\"value\":true,\"message\":\"Dieses Feld ist erforderlich\",\"global\":true,\"global_message\":\"This field is required\"}},\"names[middle_name]\":{\"required\":{\"value\":false,\"message\":\"Dieses Feld ist erforderlich\",\"global\":true,\"global_message\":\"This field is required\"}},\"names[last_name]\":{\"required\":{\"value\":true,\"message\":\"Dieses Feld ist erforderlich\",\"global\":true,\"global_message\":\"This field is required\"}},\"address_1[address_line_1]\":{\"required\":{\"value\":false,\"message\":\"Dieses Feld ist erforderlich\",\"global_message\":\"This field is required\",\"global\":true}},\"address_1[address_line_2]\":{\"required\":{\"value\":false,\"message\":\"Dieses Feld ist erforderlich\",\"global_message\":\"This field is required\",\"global\":true}},\"address_1[city]\":{\"required\":{\"value\":false,\"message\":\"Dieses Feld ist erforderlich\",\"global_message\":\"This field is required\",\"global\":true}},\"address_1[state]\":{\"required\":{\"value\":false,\"message\":\"Dieses Feld ist erforderlich\",\"global_message\":\"This field is required\",\"global\":true}},\"address_1[zip]\":{\"required\":{\"value\":true,\"message\":\"Dieses Feld ist erforderlich\",\"global_message\":\"This field is required\",\"global\":true}},\"address_1[country]\":{\"required\":{\"value\":false,\"message\":\"Dieses Feld ist erforderlich\",\"global_message\":\"This field is required\",\"global\":true}},\"numeric_field\":{\"required\":{\"value\":true,\"message\":\"Dieses Feld ist erforderlich\",\"global_message\":\"This field is required\",\"global\":true},\"numeric\":{\"value\":true,\"message\":\"Dieses Feld muss einen numerischen Wert enthalten\",\"global_message\":\"This field must contain numeric value\",\"global\":true},\"min\":{\"value\":\"\",\"message\":\"Dieses Feld muss einen numerischen Wert enthalten\",\"global_message\":\"Validation fails for minimum value\",\"global\":true},\"max\":{\"value\":\"\",\"message\":\"\\u00dcberpr\\u00fcfung f\\u00fcr Minimalwert fehlgeschlagen\",\"global_message\":\"Validation fails for maximum value\",\"global\":true},\"digits\":{\"value\":\"\",\"message\":\"Validation fails for limited digits\",\"global_message\":\"Validation fails for limited digits\",\"global\":false}},\"email\":{\"required\":{\"value\":true,\"message\":\"Dieses Feld ist erforderlich\",\"global\":true,\"global_message\":\"This field is required\"},\"email\":{\"value\":true,\"message\":\"Dieses Feld muss eine g\\u00fcltige E-Mail-Adresse enthalten\",\"global\":true,\"global_message\":\"This field must contain a valid email\"}},\"message\":{\"required\":{\"value\":false,\"message\":\"Dieses Feld ist erforderlich\",\"global\":true,\"global_message\":\"This field is required\"}}},\"debounce_time\":300};\n                    <\/script>\n        \n\n\n<p><strong>F\u00fcr den Inhalt verantwortlich:<\/strong><br>Freiwillige Feuerwehr Purkersdorf<br>Tullnerbachstr. 1<br>3002 Purkersdorf<br>Mail: purkersdorf@feuerwehr.gv.at<\/p>\n","protected":false},"excerpt":{"rendered":"<p>Dein Helm! Wir freuen uns sehr, dass Du an einer Mitarbeit bei der Freiwilligen Feuerwehr Purkersdorf interessiert bist!Bitte gib uns Deine Kontaktdaten bekannt, wir melden uns bei Dir f\u00fcr ein gegenseitiges Kennenlernen!Deine Daten werden selbstverst\u00e4ndlich vertraulich behandelt und niemals an Dritte weitergegeben! F\u00fcr den Inhalt verantwortlich:Freiwillige Feuerwehr PurkersdorfTullnerbachstr. 13002 PurkersdorfMail: purkersdorf@feuerwehr.gv.at<\/p>\n","protected":false},"author":1,"featured_media":0,"parent":0,"menu_order":0,"comment_status":"closed","ping_status":"closed","template":"","meta":{"footnotes":""},"class_list":["post-6","page","type-page","status-publish","hentry"],"_links":{"self":[{"href":"https:\/\/www.ff-purkersdorf.at\/ich-mach-mit\/wp-json\/wp\/v2\/pages\/6","targetHints":{"allow":["GET"]}}],"collection":[{"href":"https:\/\/www.ff-purkersdorf.at\/ich-mach-mit\/wp-json\/wp\/v2\/pages"}],"about":[{"href":"https:\/\/www.ff-purkersdorf.at\/ich-mach-mit\/wp-json\/wp\/v2\/types\/page"}],"author":[{"embeddable":true,"href":"https:\/\/www.ff-purkersdorf.at\/ich-mach-mit\/wp-json\/wp\/v2\/users\/1"}],"replies":[{"embeddable":true,"href":"https:\/\/www.ff-purkersdorf.at\/ich-mach-mit\/wp-json\/wp\/v2\/comments?post=6"}],"version-history":[{"count":3,"href":"https:\/\/www.ff-purkersdorf.at\/ich-mach-mit\/wp-json\/wp\/v2\/pages\/6\/revisions"}],"predecessor-version":[{"id":21,"href":"https:\/\/www.ff-purkersdorf.at\/ich-mach-mit\/wp-json\/wp\/v2\/pages\/6\/revisions\/21"}],"wp:attachment":[{"href":"https:\/\/www.ff-purkersdorf.at\/ich-mach-mit\/wp-json\/wp\/v2\/media?parent=6"}],"curies":[{"name":"wp","href":"https:\/\/api.w.org\/{rel}","templated":true}]}}